{"id":471,"date":"2025-11-07T10:03:24","date_gmt":"2025-11-07T10:03:24","guid":{"rendered":"https:\/\/mspurkersdorf.ac.at\/?page_id=471"},"modified":"2025-11-13T09:58:57","modified_gmt":"2025-11-13T09:58:57","slug":"front_page","status":"publish","type":"page","link":"https:\/\/mspurkersdorf.ac.at\/","title":{"rendered":"Startseite"},"content":{"rendered":"\n<style>\n.avocado-accordion {\n  max-width: 1000px;\n  margin: 40px auto;\n  display: grid;\n  grid-template-columns: repeat(3, 1fr);\n  gap: 30px;\n}\n\n.avocado-accordion details {\n  border-radius: 45px;\n  overflow: hidden;\n  box-shadow: 0 6px 16px rgba(0,0,0,0.12);\n  transition: transform 0.25s ease;\n}\n\n.avocado-accordion details:hover {\n  transform: translateY(-8px);\n}\n\n.avocado-accordion summary {\n  padding: 60px 20px;\n  font-size: 20px;\n  text-align: center;\n  cursor: pointer;\n  list-style: none;\n  font-weight: 600;\n  color: white;\n  border-radius: 45px;\n  background-size: cover;\n  background-position: center;\n  position: relative;\n  text-shadow: 0 2px 8px rgba(0,0,0,0.6);\n}\n\n\/* dunkles Overlay f\u00fcr bessere Lesbarkeit *\/\n.avocado-accordion summary::before {\n  content: \"\";\n  position: absolute;\n  inset: 0;\n  background: rgba(0, 0, 0, 0.4);\n  z-index: 0;\n  transition: 0.3s ease;\n  border-radius: 45px;\n}\n\n.avocado-accordion summary:hover::before {\n  background: rgba(0, 0, 0, 0.25);\n}\n\n.avocado-accordion summary span {\n  position: relative;\n  z-index: 1;\n}\n\n\/* Pfeil *\/\n.avocado-accordion summary::after {\n  content: \"\u25be\";\n  display: block;\n  margin-top: 12px;\n  opacity: 0.8;\n  font-size: 22px;\n  transition: 0.3s;\n  position: relative;\n  z-index: 1;\n}\n\n.avocado-accordion details[open] summary::after {\n  transform: rotate(180deg);\n}\n\n\/* Inhalt *\/\n.avocado-content {\n  padding: 25px;\n  font-size: 16px;\n  line-height: 1.5;\n  background: white;\n}\n\n\/* Bilder f\u00fcr alle Balken *\/\n.balken1 summary {\n  background-image: url('https:\/\/www.purkersdorf.at\/system\/web\/GetImage.ashx?fileid=3564815&mode=T&width=1000&height=800');\n}\n\n.balken2 summary {\n  background-image: url('https:\/\/v1.padlet.pics\/3\/image.webp?t=c_limit%2Cdpr_1%2Ch_947%2Cw_1262&url=https%3A%2F%2Fu1.padletusercontent.com%2Fuploads%2Fpadlet-uploads-usc1%2F861847570%2Fedb85cbb06177573c6623fbf55650c99%2FWhatsApp_Image_2025_11_12_at_16_59_51.jpeg%3Fexpiry_token%3D5WaHZRdGG3LkUVQGy3SZ-zdRtq89aJeottSBaF_Hii8dmxJqYDvE2-MDbblcM-ZrVekXW99RReKkJFIoMoKio9Slxs4rST3wldG8hfgtDPvXxdQy5UASurzbYn2XbYvFlUVfTK6JhTDtTVOaHDaL4jNfcYFQWcjqFKe3wTD59HuoLskpVv5mWAs1n65OImvpn3qWdpy3GHee8KRxIGMEJiUuqydA_nLIF44V_asCKPPuvgGE9Vbat1sQby-NrZq9');\n}\n\n.balken3 summary {\n  background-image: url('https:\/\/v1.padlet.pics\/3\/image.webp?t=c_limit%2Cdpr_1%2Ch_512%2Cw_512&url=https%3A%2F%2Fu1.padletusercontent.com%2Fuploads%2Fpadlet-uploads-usc1%2F861847570%2F3a7fec1c23009b13e0d8a21d7aabe80c%2Fsternzeit_logo_100_512x512.jpg%3Fexpiry_token%3D5WaHZRdGG3LkUVQGy3SZ-zdRtq89aJeottSBaF_Hii8dmxJqYDvE2-MDbblcM-ZrVekXW99RReKkJFIoMoKio9Slxs4rST3wldG8hfgtDPtIrOGMeRCeK3i-SKRFpAUvs4qpV5T3YInMoLPQDPyrOispdiFOV7Rrac7qinChSHXmruUF7wCXnhI1B54Q7teGJfv1E0dwyTsDBeEaUj2GuIadRiruaLQe-nG7wbSNQf2FUB7bC9LuXCCqDX4PAoaf');\n}\n\n\/* Responsive *\/\n@media (max-width: 850px) {\n  .avocado-accordion { grid-template-columns: 1fr; }\n}\n<\/style>\n\n<div class=\"avocado-accordion\">\n\n  <details class=\"balken1\">\n    <summary><span>Tag der offenen T\u00fcr Mittelschule &#038; Polytechnische Schule<\/span><\/summary>\n    <div class=\"avocado-content\">\n      <p>&#x2728; Hereinspaziert! &#x2728;<\/p>\n      <p>Am Freitag, 14. November von 9 bis 12 Uhr \u00f6ffnen die Mittelschule und die Polytechnische Schule ihre T\u00fcren.<\/p>\n      <ul>\n        <li>&#x1f449; spannende Hausf\u00fchrungen<\/li>\n        <li>&#x1f449; Austausch mit der Schulleitung &#038; Lehrenden<\/li>\n        <li>&#x1f449; gem\u00fctliches Elterncaf\u00e9 zum Plaudern &#038; Vernetzen<\/li>\n      <\/ul>\n      <p>Kommt vorbei, schaut euch um und lernt unsere Schule(n) kennen \u2013 wir freuen uns auf euch! &#x1f4ab;<\/p>\n    <\/div>\n  <\/details>\n\n  <details class=\"balken2\">\n    <summary><span>Survival im Wald mit der 1MD <\/span><\/summary>\n    <div class=\"avocado-content\">\n      <p>Unsere MD (SEKI-Mehrstufenklasse) verbrachte und \u00fcberlebte einen ganzen Tag in der &#8222;freien Wildbahn&#8220; ;). \n\nNeben der St\u00e4rkung am selbst entfachten Lagerfeuer, wurde auch ein wasserdichtes Shelter als Unterschlupf errichtet. \n<\/p>\n      <p><\/p>\n      <img decoding=\"async\" src=\"https:\/\/via.placeholder.com\/200\" alt=\"\" style=\"max-width:100%; height:auto;\">\n    <\/div>\n  <\/details>\n\n  <details class=\"balken3\">\n    <summary><span>Wusstet ihr,\u2026?<\/span><\/summary>\n    <div class=\"avocado-content\">\n      <p>Wusstet ihr,&#8230;?\n      dass euer Gehirn beim Lernen nie einfach \u201eauswendig lernt\u201c, sondern sich st\u00e4ndig neu vernetzt \u2013 wie ein lebendiges Universum aus Milliarden von Lichtpunkten?\n      Jede Frage, jedes Scheitern, jeder Aha-Moment formt neue Verbindungen. Lernen ist also kein Speichern, sondern ein Umbau des eigenen Denkens.\n      Hirnforscher sagen: Das Gehirn liebt Begeisterung und Bedeutung. Wenn euch etwas wirklich interessiert, aktiviert das Belohnungssystem \u2013 Lernen wird zur Entdeckung, nicht zur Pflicht.<\/p>\n      <img decoding=\"async\" src=\"https:\/\/via.placeholder.com\/180\" alt=\"\" style=\"max-width:100%; height:auto;\">\n    <\/div>\n  <\/details>\n\n<\/div>\n\n\n\n<p><\/p>\n\n\n\n<blockquote class=\"wp-block-quote is-layout-flow wp-block-quote-is-layout-flow\">\n<p><\/p>\n<\/blockquote>\n","protected":false},"excerpt":{"rendered":"<p>Tag der offenen T\u00fcr Mittelschule &#038; Polytechnische Schule &#x2728; Hereinspaziert! &#x2728; Am Freitag, 14. November von 9 bis 12 Uhr \u00f6ffnen die Mittelschule und die Polytechnische Schule ihre T\u00fcren. &#x1f449; spannende Hausf\u00fchrungen &#x1f449; Austausch mit der Schulleitung &#038; Lehrenden &#x1f449; gem\u00fctliches Elterncaf\u00e9 zum Plaudern &#038; Vernetzen Kommt vorbei, schaut euch um und lernt unsere Schule(n) [&hellip;]<\/p>\n","protected":false},"author":1,"featured_media":0,"parent":0,"menu_order":0,"comment_status":"closed","ping_status":"closed","template":"","meta":{"footnotes":""},"class_list":["post-471","page","type-page","status-publish","hentry"],"_links":{"self":[{"href":"https:\/\/mspurkersdorf.ac.at\/index.php?rest_route=\/wp\/v2\/pages\/471","targetHints":{"allow":["GET"]}}],"collection":[{"href":"https:\/\/mspurkersdorf.ac.at\/index.php?rest_route=\/wp\/v2\/pages"}],"about":[{"href":"https:\/\/mspurkersdorf.ac.at\/index.php?rest_route=\/wp\/v2\/types\/page"}],"author":[{"embeddable":true,"href":"https:\/\/mspurkersdorf.ac.at\/index.php?rest_route=\/wp\/v2\/users\/1"}],"replies":[{"embeddable":true,"href":"https:\/\/mspurkersdorf.ac.at\/index.php?rest_route=%2Fwp%2Fv2%2Fcomments&post=471"}],"version-history":[{"count":57,"href":"https:\/\/mspurkersdorf.ac.at\/index.php?rest_route=\/wp\/v2\/pages\/471\/revisions"}],"predecessor-version":[{"id":701,"href":"https:\/\/mspurkersdorf.ac.at\/index.php?rest_route=\/wp\/v2\/pages\/471\/revisions\/701"}],"wp:attachment":[{"href":"https:\/\/mspurkersdorf.ac.at\/index.php?rest_route=%2Fwp%2Fv2%2Fmedia&parent=471"}],"curies":[{"name":"wp","href":"https:\/\/api.w.org\/{rel}","templated":true}]}}