{"id":501,"date":"2025-11-07T10:16:14","date_gmt":"2025-11-07T10:16:14","guid":{"rendered":"https:\/\/mspurkersdorf.ac.at\/?page_id=501"},"modified":"2025-11-10T08:22:26","modified_gmt":"2025-11-10T08:22:26","slug":"schulschwerpunkte","status":"publish","type":"page","link":"https:\/\/mspurkersdorf.ac.at\/?page_id=501","title":{"rendered":"Schulschwerpunkte"},"content":{"rendered":"\n<p>Unsere Schule zeichnet sich durch ein vielf\u00e4ltiges Bildungsangebot aus, das auf die individuellen Interessen und Begabungen unserer Sch\u00fcler*innen abgestimmt ist. Am Standort bieten wir folgende Schwerpunkte und Ausbildungszweige:<\/p>\n\n\n\n<h3 class=\"wp-block-heading\"><strong>Mittelschule<\/strong><\/h3>\n\n\n\n<p>In der Mittelschule k\u00f6nnen Sch\u00fcler*innen zwischen zwei besonderen Schwerpunktklassen w\u00e4hlen:<\/p>\n\n\n\n<ul class=\"wp-block-list\">\n<li><strong>Sportklassen<\/strong> \u2013 mit verst\u00e4rkter Bewegungserziehung, Trainingseinheiten und der F\u00f6rderung sportlicher Talente.<\/li>\n\n\n\n<li><strong>Kreativklassen<\/strong> \u2013 f\u00fcr Sch\u00fcler*innen, die ihre k\u00fcnstlerischen und gestalterischen F\u00e4higkeiten vertiefen m\u00f6chten.<\/li>\n<\/ul>\n\n\n\n<p>Zus\u00e4tzlich bieten wir <strong>Mehrstufenklassen (SEKI)<\/strong> an, in denen jahrgangs\u00fcbergreifend gelernt wird. Diese Form des Unterrichts erm\u00f6glicht individuelles Tempo, gemeinsames Lernen und eine starke F\u00f6rderung der Selbstst\u00e4ndigkeit.<\/p>\n\n\n\n<h3 class=\"wp-block-heading\"><strong>Polytechnische Schule<\/strong><\/h3>\n\n\n\n<p>Die Polytechnische Schule bereitet Jugendliche gezielt auf die Berufswelt vor. Am Standort stehen zwei Fachbereiche zur Auswahl:<\/p>\n\n\n\n<ul class=\"wp-block-list\">\n<li><strong>Handel und Tourismus<\/strong><\/li>\n\n\n\n<li><strong>Elektro und Metall<\/strong><\/li>\n<\/ul>\n\n\n\n<p>Praxisnaher Unterricht, Betriebskooperationen und Berufsorientierung unterst\u00fctzen die Sch\u00fcler*innen beim Einstieg ins Berufsleben.<\/p>\n\n\n\n<h3 class=\"wp-block-heading\"><strong>Allgemeine Sonderschule<\/strong><\/h3>\n\n\n\n<p>Die <strong>Allgemeine Sonderschule<\/strong> am Standort bietet Bildung f\u00fcr Sch\u00fcler*innen von 6 bis 18 Jahren, die nach Lehrpl\u00e4nen des <strong>Sonderp\u00e4dagogischen F\u00f6rderbedarfs<\/strong> unterrichtet werden. Individuelle F\u00f6rderung, ein unterst\u00fctzendes Lernumfeld und spezialisierte Lehrkr\u00e4fte stehen hier im Mittelpunkt.<\/p>\n","protected":false},"excerpt":{"rendered":"<p>Unsere Schule zeichnet sich durch ein vielf\u00e4ltiges Bildungsangebot aus, das auf die individuellen Interessen und Begabungen unserer Sch\u00fcler*innen abgestimmt ist. Am Standort bieten wir folgende Schwerpunkte und Ausbildungszweige: Mittelschule In der Mittelschule k\u00f6nnen Sch\u00fcler*innen zwischen zwei besonderen Schwerpunktklassen w\u00e4hlen: Zus\u00e4tzlich bieten wir Mehrstufenklassen (SEKI) an, in denen jahrgangs\u00fcbergreifend gelernt wird. Diese Form des Unterrichts erm\u00f6glicht [&hellip;]<\/p>\n","protected":false},"author":1,"featured_media":0,"parent":0,"menu_order":0,"comment_status":"closed","ping_status":"closed","template":"","meta":{"footnotes":""},"class_list":["post-501","page","type-page","status-publish","hentry"],"_links":{"self":[{"href":"https:\/\/mspurkersdorf.ac.at\/index.php?rest_route=\/wp\/v2\/pages\/501","targetHints":{"allow":["GET"]}}],"collection":[{"href":"https:\/\/mspurkersdorf.ac.at\/index.php?rest_route=\/wp\/v2\/pages"}],"about":[{"href":"https:\/\/mspurkersdorf.ac.at\/index.php?rest_route=\/wp\/v2\/types\/page"}],"author":[{"embeddable":true,"href":"https:\/\/mspurkersdorf.ac.at\/index.php?rest_route=\/wp\/v2\/users\/1"}],"replies":[{"embeddable":true,"href":"https:\/\/mspurkersdorf.ac.at\/index.php?rest_route=%2Fwp%2Fv2%2Fcomments&post=501"}],"version-history":[{"count":2,"href":"https:\/\/mspurkersdorf.ac.at\/index.php?rest_route=\/wp\/v2\/pages\/501\/revisions"}],"predecessor-version":[{"id":557,"href":"https:\/\/mspurkersdorf.ac.at\/index.php?rest_route=\/wp\/v2\/pages\/501\/revisions\/557"}],"wp:attachment":[{"href":"https:\/\/mspurkersdorf.ac.at\/index.php?rest_route=%2Fwp%2Fv2%2Fmedia&parent=501"}],"curies":[{"name":"wp","href":"https:\/\/api.w.org\/{rel}","templated":true}]}}