{"id":559,"date":"2025-11-10T08:30:21","date_gmt":"2025-11-10T08:30:21","guid":{"rendered":"https:\/\/mspurkersdorf.ac.at\/?page_id=559"},"modified":"2025-11-10T08:32:47","modified_gmt":"2025-11-10T08:32:47","slug":"unsere-werte","status":"publish","type":"page","link":"https:\/\/mspurkersdorf.ac.at\/?page_id=559","title":{"rendered":"Unsere Werte"},"content":{"rendered":"\n<p><strong>LEITBILD \u2013<\/strong> SCH\u00d6FFELSCHULE PURKERSDORF<\/p>\n\n\n\n<p>Unsere Schule ist ein Ort der Vielfalt, in dem jede Pers\u00f6nlichkeit z\u00e4hlt und zur Gemeinschaft beitr\u00e4gt.<\/p>\n\n\n\n<p>Wir sind lebensfroh und motiviert, begegnen einander herzlich, freundlich und respektvoll und schaffen ein gelassenes, entspanntes und zugleich engagiertes Miteinander.<\/p>\n\n\n\n<p>Als Team verbinden wir Humor mit Ernsthaftigkeit, Kreativit\u00e4t mit Genauigkeit, Klarheit mit Menschlichkeit und Erfahrung mit Offenheit.<\/p>\n\n\n\n<p>Wir f\u00f6rdern ein selbstbewusstes, reflektiertes und verantwortungsvolles Handeln und sind zugleich begleitend, unterst\u00fctzend und hilfsbereit.<\/p>\n\n\n\n<p>Unsere Arbeit ist gepr\u00e4gt von Organisation, Fachwissen und L\u00f6sungsorientierung, aber auch von Fr\u00f6hlichkeit, Begeisterung und Gro\u00dfherzigkeit. Ob sportlich, aktiv oder ruhig, wir bringen unsere St\u00e4rken ein, damit Lernen in einer freundlichen, motivierenden und inspirierenden Atmosph\u00e4re gelingt.<\/p>\n\n\n\n<p>So gestalten wir eine Schule, die Ruhepol und Sonnenschein zugleich ist: ein Ort, an dem junge Menschen wachsen, sich entfalten und mit Freude in ihre Zukunft gehen k\u00f6nnen.<\/p>\n","protected":false},"excerpt":{"rendered":"<p>LEITBILD \u2013 SCH\u00d6FFELSCHULE PURKERSDORF Unsere Schule ist ein Ort der Vielfalt, in dem jede Pers\u00f6nlichkeit z\u00e4hlt und zur Gemeinschaft beitr\u00e4gt. Wir sind lebensfroh und motiviert, begegnen einander herzlich, freundlich und respektvoll und schaffen ein gelassenes, entspanntes und zugleich engagiertes Miteinander. Als Team verbinden wir Humor mit Ernsthaftigkeit, Kreativit\u00e4t mit Genauigkeit, Klarheit mit Menschlichkeit und Erfahrung [&hellip;]<\/p>\n","protected":false},"author":1,"featured_media":0,"parent":0,"menu_order":0,"comment_status":"closed","ping_status":"closed","template":"","meta":{"footnotes":""},"class_list":["post-559","page","type-page","status-publish","hentry"],"_links":{"self":[{"href":"https:\/\/mspurkersdorf.ac.at\/index.php?rest_route=\/wp\/v2\/pages\/559","targetHints":{"allow":["GET"]}}],"collection":[{"href":"https:\/\/mspurkersdorf.ac.at\/index.php?rest_route=\/wp\/v2\/pages"}],"about":[{"href":"https:\/\/mspurkersdorf.ac.at\/index.php?rest_route=\/wp\/v2\/types\/page"}],"author":[{"embeddable":true,"href":"https:\/\/mspurkersdorf.ac.at\/index.php?rest_route=\/wp\/v2\/users\/1"}],"replies":[{"embeddable":true,"href":"https:\/\/mspurkersdorf.ac.at\/index.php?rest_route=%2Fwp%2Fv2%2Fcomments&post=559"}],"version-history":[{"count":2,"href":"https:\/\/mspurkersdorf.ac.at\/index.php?rest_route=\/wp\/v2\/pages\/559\/revisions"}],"predecessor-version":[{"id":562,"href":"https:\/\/mspurkersdorf.ac.at\/index.php?rest_route=\/wp\/v2\/pages\/559\/revisions\/562"}],"wp:attachment":[{"href":"https:\/\/mspurkersdorf.ac.at\/index.php?rest_route=%2Fwp%2Fv2%2Fmedia&parent=559"}],"curies":[{"name":"wp","href":"https:\/\/api.w.org\/{rel}","templated":true}]}}